{"id":1769,"date":"2017-03-27T14:26:02","date_gmt":"2017-03-27T14:26:02","guid":{"rendered":"http:\/\/www.teenlifting.com.hr\/?page_id=1769\/"},"modified":"2017-03-29T17:51:44","modified_gmt":"2017-03-29T17:51:44","slug":"teenlifting-des-beckens","status":"publish","type":"page","link":"https:\/\/www.teenlifting.co.za\/de\/teenlifting-des-beckens\/","title":{"rendered":"Teenlifting des Beckens"},"content":{"rendered":"<div class=\"section-full-width section-light-bg\" style=\"background-color:#f7f7f7;\" id=\"teenlifting\u00aestimulationdesbeckens\"><div class=\"section-boxed\" style=\"color:#373737;\"><h2 class=\"section-title\" style=\"color:#252525;\">TEENLIFTING\u00ae Stimulation des Beckens<\/h2><p>TEENLIFTING des Beckens iste eine nicht chirurgische und nicht invasive Behandlung, die die Beckenbodenmuskeln, H\u00fcftmuskeln und inneren Organe im Beckenbereicht st\u00e4rkt (Uterus, Blase), wobei man eine bessere Durchblutung und Gewebedrainage erreicht.<\/p>\n<p>Bei der Beratung zum TEENLIFTING des Beckens (welche kostenlos ist aber zum Pflichtteil geh\u00f6rt) wird ein Fragebogen ausgef\u00fcllt, der uns bei der Diagnostik des Beckenzustands hilft (Inkontinenztyp, fallender Uterus oder Uterus Prolaps, H\u00fcftenschmerzen\u2026) und uns auf diese Weise eine bessere Einsch\u00e4tzung und Einsicht w\u00e4hrend der Behandlung erm\u00f6glicht.<\/p>\n<p>Alle Befunde, die der Klient besitzt, sollte er zur Beratung mitbringen.<\/p>\n<p>&nbsp;<\/p>\n<table class=\"table\">\n<thead>\n<tr>\n<th>BEHANDELTE BEREICHE<\/th>\n<th>REAKTIONEN UND VORAUSSICHTLICHE ERGEBNISSE<\/th>\n<\/tr>\n<\/thead>\n<tbody>\n<tr>\n<td>SCHLIE\u00dfMUSKEL AN DER BLASE<\/td>\n<td>Gef\u00fchl von St\u00e4rkung und Kontrolle, sowohl tags\u00fcber als auch nachts, bis zur absoluten Kontrolle des Schlie\u00dfmuskels<\/td>\n<\/tr>\n<tr>\n<td>BLASENMUSKELN<\/td>\n<td>Bessere Kontrolle des unerwarteten und unweigerlichen Drangs zum Urinieren bis zur absoluten<br \/>\nKontrolle des Urinierens<\/td>\n<\/tr>\n<tr>\n<td>BECKEN UND H\u00dcFTEN<\/td>\n<td>Bessere Festigkeit, Stabilit\u00e4t, Beweglichkeit und Bewegungsgeschwindigkeit,<br \/>\nGef\u00fchl von Leichtigkeit des Beckens selbst (ohne Bl\u00e4hungsgef\u00fchl und Schwellung)<\/td>\n<\/tr>\n<tr>\n<td>H\u00dcFTEN<\/td>\n<td>Immer mehr zunehmende Beweglichkeit und Stabilit\u00e4t, Schmerzverlust und Bewegungsgeschwindigkeit<\/td>\n<\/tr>\n<tr>\n<td>GEB\u00c4RMUTTER<\/td>\n<td>Erh\u00f6hte Durchblutung, Drainage und Blutversorgung<\/td>\n<\/tr>\n<tr>\n<td>PROSTATA<\/td>\n<td>Erh\u00f6hte Durchblutung, Drainage und Blutversorgung<\/td>\n<\/tr>\n<tr>\n<td>ANUS<\/td>\n<td>Bessere Kontrolle des Anus- Schlie\u00dfmuskels<\/td>\n<\/tr>\n<tr>\n<td>MUSKELN DES DICKDARMS<\/td>\n<td>St\u00e4rkung des Darmmuskels, regelm\u00e4\u00dfiger Stuhlgang<\/td>\n<\/tr>\n<tr>\n<td>RUMP UND LENDENWIRBEL<\/td>\n<td>Schmerzbek\u00e4mpfung bei gleichzeitig wachsender Stabilit\u00e4t und Bewegungsfreiheit<\/td>\n<\/tr>\n<tr>\n<td>BLUTGEF\u00c4\u00dfE UND LYMPHKNOTEN DES BECKENS<\/td>\n<td>Das Schwinden von Schwellungen in den Beinen und am Becken, erh\u00f6hte Durchblutung der Beine,<br \/>\nw\u00e4rmere Beine, Bek\u00e4mpfung von Beinkr\u00e4mpfen, erh\u00f6hte Lymphdrainage des Beckens und der Beine, erh\u00f6hte ven\u00f6se Durchblutung.<\/td>\n<\/tr>\n<tr>\n<td>WEIBLICHE SEXUELLE ERREGUNG<\/td>\n<td>St\u00e4rkere, l\u00e4ngerer und hochwertiger Orgasmus<\/td>\n<\/tr>\n<tr>\n<td>M\u00c4NNLICHE SEXUELLE ERREGUNG<\/td>\n<td>Steifere, l\u00e4ngere und kontrolliertere Erektion, mehr spontane Ekrektionen<\/td>\n<\/tr>\n<tr>\n<td>FORM UND FESTIGKEIT DER INNENSCHENKEL UND DES POS<\/td>\n<td>Bessere und festere Form der Innenschenkel, des Bauchs und  Pos<\/td>\n<\/tr>\n<tr>\n<td>DIE MULADHARA CHAKRA<\/td>\n<td>Hochwertigeres Schlafgef\u00fchl und h\u00f6heres Selbstbewusstsein<\/td>\n<\/tr>\n<\/tbody>\n<\/table>\n<p>\n<\/div><\/div>\n<div class=\"section-full-width section-light-bg\" style=\"background-color:#ffffff;\" id=\"wievielebehandlungensindn\u00f6tigundwannsiehtmandieerstenergebnisse\"><div class=\"section-boxed\" style=\"color:#373737;\"><h2 class=\"section-title\" style=\"color:#252525;\">Wie viele Behandlungen sind n\u00f6tig und wann sieht man die ersten Ergebnisse?<\/h2><p><strong>Empfohlen werden<\/strong> angfangs <strong>10 Behandlungen<\/strong>, die t\u00e4glich oder seltener ausgef\u00fchrt werden k\u00f6nnen, abh\u00e4ngig vom gew\u00fcnschten Ziel. Die Linderung mancher Symptome (n\u00e4chtliches Aufwachen wegen Harndrang, erh\u00f6hte Darmentleerung, gr\u00f6\u00dfere Urinmenge, Leichtigkeitsgef\u00fchl im Becken\u2026) sp\u00fcrt man meistens nach der den ersten paar Behandlungen. Die Verbesserung h\u00e4ngt vom Anfangszustand des Klienten ab und auch von anderen Risikofaktoren (\u00dcbergewicht, schwache k\u00f6rperliche Ausdauer\u2026).<\/p>\n<\/div><\/div>\n<div class=\"section-full-width section-light-bg\" style=\"background-color:#f7f7f7;\" id=\"erfahrensiemehr\u00fcberteenliftingdesbeckens\"><div class=\"section-boxed\" style=\"color:#373737;\"><h2 class=\"section-title\" style=\"color:#252525;\">Erfahren Sie mehr \u00fcber TEENLIFTING des Beckens<\/h2><\/p>\n<div class=\"cols-wrapper cols-2\">\n<div class=\"col\">\n<p>&nbsp;<\/p>\n<h2>Urinverlust, unwillk\u00fcrliches Urinieren und Unf\u00e4higkeit Urin zu halten- Harninkontinenz<\/h2>\n<p style=\"text-align: left;\">Der schnelle Lebensalltag, allt\u00e4glicher Stress und mangelnde k\u00f6rperliche Aktivit\u00e4t z\u00e4hlen mittlerweile zum Alltag. Untersuchungen haben gezeigt, dass Kinder und Jugendliche nicht aktiv genug sind. Diese Tatsache beeinflusst ihr Leben dauerhaft, weil sie im Alter zahlreiche Vorkehrungen nicht mehr nachholen k\u00f6nnen, die sie durch Bewegung h\u00e4tten treffen k\u00f6nnen, um so ihre Organe und alle Systeme im K\u00f6rper zu st\u00e4rken. Das ist der Grund, warum sich die Altergrenze macncher Symptome und Erkrankungen immer mehr nach vorne verschiebt. <strong><em>Unwillk\u00fcrliches Urinieren und die Unf\u00e4higkeit Urin zu halten- sprich Inkontinenz <\/em><\/strong>ist ein Beispiel dieser Altersgrenze, die sich bei Frauen sogar auf 40 Jahre verschoben hat.<\/p>\n<p>&nbsp;<\/p>\n<blockquote>\n<p>Harninkontinenz l\u00e4sst sich erfolgreich durch TEENLIFTING beheben.<\/p>\n<\/blockquote>\n<p>&nbsp;<\/p>\n<h2>Symptome:<\/h2>\n<ul style=\"padding-left: 60px; text-align: left;\">\n<li>N\u00e4chtliches Aufstehen wegen Harndrang<\/li>\n<li>H\u00e4ufiges Urinieren tags\u00fcber<\/li>\n<li>Urinieren bei Niesen und Belastung<\/li>\n<\/ul>\n<p style=\"text-align: left;\">Der starke Harndrang beim Niesen oder bei Belastung l\u00e4sst schon nach den ersten Behandlungen nach. Ein sehr motivierendes Ergebnis der Elektrostimulation ist das St\u00e4rken und Formen der Bauchmuskeln, H\u00fcft- und Pomuskulatur. Es wird empfohlen so fr\u00fch wie m\u00f6glich die Rehabilitation zu beginnen, bevor die gesamte Muselgruppe nachl\u00e4sst, die alle Beckenorgane verbindet (Blase, Geb\u00e4rmutter und Dickdarm). Die Ergebnisse bei anderen Methoden und \u00dcbungen (Kegel) sind viel langsamer sichtbar oder unwirksam. Der Grund ist, dass wir mit TEENLIFTING gezielte Muskeln des Beckenbodens stimulieren und deren synkronisierte Kontaktionen mit denen der Beine, des Bauchs und des R\u00fcckens verbinden.<\/p>\n<\/div>\n<div class=\"col nomargin\">\n<p>&nbsp;<\/p>\n<h2>GR\u00dcNDE f\u00fcr Harninkontinenz:<\/h2>\n<ul style=\"padding-left: 60px;\">\n<li>Chronische Harnr\u00f6hrenentz\u00fcndung<\/li>\n<li>\u00dcbergewicht<\/li>\n<li>Schwere k\u00f6rperliche Arbeit<\/li>\n<li>Geburtstrauma<\/li>\n<li>Chronische Erkrankungen mit starkem und lang andauerndem Husten<\/li>\n<li>Schwaches Bindegewebe und Konstitution<\/li>\n<li>Fallende Geb\u00e4rmutter<\/li>\n<li>Vergr\u00f6\u00dferte Prostata, Prostata- Karzinom<\/li>\n<li>Menopause<\/li>\n<li>Operative Eingriffe in der Beckenh\u00f6hle<\/li>\n<li>Multiple Sklerose, Parkinson Krankheit, Schlaganfall, R\u00fcckenverletzungen<\/li>\n<li>Diabetes Melitus<\/li>\n<li>Wirkung mancher Medikamente ( Antidepresiva, Anticholinergika)<\/li>\n<\/ul>\n<h2>ARTEN DER HARNINKONTINENZ:<\/h2>\n<ul style=\"padding-left: 60px;\">\n<li><strong><em>Stressbedingte Inkontinez <\/em><\/strong><strong>&#8211;<\/strong> Folge von abgeschw\u00e4chten Muskeln des Beckenbodens. Meistens bei Frauen der Fall. Anfangs tritt der Urinverlust beim Husten, Niesen, Lachen oder Springen auf. Sp\u00e4ter verschlimmert sich dieser Zustand, bis der Urin auch im Liegezustand fliesst.<\/li>\n<li><strong><em>Urgente Inkontinenz &#8211; <\/em><\/strong>ist \u00fcberraschender Urinverlust gefolgt von starkem Harndrang, der sich nicht unterdr\u00fccken l\u00e4sst. Dieser Moment kann vom Ger\u00e4usch laufenden Wassers provoziert werden oder beim H\u00e4nde waschen auftreten. Oft muss man urinieren, obwohl die Urinmenge sehr gering ist.<\/li>\n<li><strong><em>Gemischte Inkontinenz &#8211;<\/em><\/strong> Kombination aus urgenter und stressbedingter Inkontinenz.<\/li>\n<li><strong><em>\u00dcberlaufinkontinenz &#8211; <\/em><\/strong>entsteht, wenn die Blase vergr\u00f6\u00dfert ist und nicht entleert werden kann. Oft kommt es auch zu unkontrollierbarem Urinieren. Die Blase ist manchmal derartig vergr\u00f6\u00dfert, dass man sie unter dem Knochen f\u00fchlen kann.<\/li>\n<li><strong><em>Neurologische Blasenst\u00f6rung &#8211; <\/em><\/strong>entsteht bei manchen neurologischen Erkrankungen oder nachlassender Blasenfunktion oder Schw\u00e4chung der Funktionen der Harn- Schlie\u00dfmuskel.<\/li>\n<\/ul>\n<p style=\"text-align: left;\"><\/div>\n<\/div>\n<div class=\"info-box\" style=\"text-align: center;\"><span class=\"box-icon\">\u00a0<\/span>Kontraindikationen f\u00fcr TEENLIFTING sind: Pace maker, Epilepsie, Schwangerschaft, Operative Eingriffe (in den letzten 6 Monaten).<\/div>\n<p>\n<\/div><\/div>\n<div class=\"section-full-width section-dark\" style=\"background-color:#ffffff;\" id=\"siehabenfragenoderm\u00f6chteneinenterminabschliessen\"><div class=\"section-boxed\" style=\"color:#373737;\"><h2 class=\"section-title\" style=\"color:#373737;\">Sie haben Fragen oder m\u00f6chten einen Termin abschliessen?<\/h2><h4 style=\"color:#373737;\" class=\"sub-title\">Melden Sie sich bei uns!<\/h4><\/p>\n<p style=\"text-align: center;\"><a class=\"button\" href=\"http:\/\/www.teenlifting.com.hr\/de\/kontakt\/\" target=\"_blank\">ANFRAGE STELLEN<\/a><\/p>\n<p>\n<\/div><\/div>\n","protected":false},"excerpt":{"rendered":"","protected":false},"author":3,"featured_media":0,"parent":0,"menu_order":0,"comment_status":"closed","ping_status":"closed","template":"template-full-custom.php","meta":{"om_disable_all_campaigns":false,"_monsterinsights_skip_tracking":false,"_monsterinsights_sitenote_active":false,"_monsterinsights_sitenote_note":"","_monsterinsights_sitenote_category":0,"_uf_show_specific_survey":0,"_uf_disable_surveys":false,"footnotes":""},"class_list":["post-1769","page","type-page","status-publish","hentry"],"aioseo_notices":[],"yoast_head":"<!-- This site is optimized with the Yoast SEO plugin v27.4 - https:\/\/yoast.com\/product\/yoast-seo-wordpress\/ -->\n<title>Teenlifting des Beckens - Teenlifting<\/title>\n<meta name=\"robots\" content=\"index, follow, max-snippet:-1, max-image-preview:large, max-video-preview:-1\" \/>\n<link rel=\"canonical\" href=\"https:\/\/mail.bell-stim.com\/de\/teenlifting-des-beckens\/\" \/>\n<meta property=\"og:locale\" content=\"de_DE\" \/>\n<meta property=\"og:type\" content=\"article\" \/>\n<meta property=\"og:title\" content=\"Teenlifting des Beckens - Teenlifting\" \/>\n<meta property=\"og:url\" content=\"https:\/\/mail.bell-stim.com\/de\/teenlifting-des-beckens\/\" \/>\n<meta property=\"og:site_name\" content=\"Teenlifting\" \/>\n<meta property=\"article:modified_time\" content=\"2017-03-29T17:51:44+00:00\" \/>\n<meta name=\"twitter:card\" content=\"summary_large_image\" \/>\n<meta name=\"twitter:label1\" content=\"Gesch\u00e4tzte Lesezeit\" \/>\n\t<meta name=\"twitter:data1\" content=\"5\u00a0Minuten\" \/>\n<script type=\"application\/ld+json\" class=\"yoast-schema-graph\">{\"@context\":\"https:\\\/\\\/schema.org\",\"@graph\":[{\"@type\":\"WebPage\",\"@id\":\"https:\\\/\\\/mail.bell-stim.com\\\/de\\\/teenlifting-des-beckens\\\/\",\"url\":\"https:\\\/\\\/mail.bell-stim.com\\\/de\\\/teenlifting-des-beckens\\\/\",\"name\":\"Teenlifting des Beckens - Teenlifting\",\"isPartOf\":{\"@id\":\"https:\\\/\\\/mail.bell-stim.com\\\/en\\\/#website\"},\"datePublished\":\"2017-03-27T14:26:02+00:00\",\"dateModified\":\"2017-03-29T17:51:44+00:00\",\"breadcrumb\":{\"@id\":\"https:\\\/\\\/mail.bell-stim.com\\\/de\\\/teenlifting-des-beckens\\\/#breadcrumb\"},\"inLanguage\":\"de\",\"potentialAction\":[{\"@type\":\"ReadAction\",\"target\":[\"https:\\\/\\\/mail.bell-stim.com\\\/de\\\/teenlifting-des-beckens\\\/\"]}]},{\"@type\":\"BreadcrumbList\",\"@id\":\"https:\\\/\\\/mail.bell-stim.com\\\/de\\\/teenlifting-des-beckens\\\/#breadcrumb\",\"itemListElement\":[{\"@type\":\"ListItem\",\"position\":1,\"name\":\"Po\u010detna stranica\",\"item\":\"https:\\\/\\\/mail.bell-stim.com\\\/de\\\/\"},{\"@type\":\"ListItem\",\"position\":2,\"name\":\"Teenlifting des Beckens\"}]},{\"@type\":\"WebSite\",\"@id\":\"https:\\\/\\\/mail.bell-stim.com\\\/en\\\/#website\",\"url\":\"https:\\\/\\\/mail.bell-stim.com\\\/en\\\/\",\"name\":\"Teenlifting\",\"description\":\"Aktiviraj, ne plastificiraj!\",\"potentialAction\":[{\"@type\":\"SearchAction\",\"target\":{\"@type\":\"EntryPoint\",\"urlTemplate\":\"https:\\\/\\\/mail.bell-stim.com\\\/en\\\/?s={search_term_string}\"},\"query-input\":{\"@type\":\"PropertyValueSpecification\",\"valueRequired\":true,\"valueName\":\"search_term_string\"}}],\"inLanguage\":\"de\"}]}<\/script>\n<!-- \/ Yoast SEO plugin. -->","yoast_head_json":{"title":"Teenlifting des Beckens - Teenlifting","robots":{"index":"index","follow":"follow","max-snippet":"max-snippet:-1","max-image-preview":"max-image-preview:large","max-video-preview":"max-video-preview:-1"},"canonical":"https:\/\/mail.bell-stim.com\/de\/teenlifting-des-beckens\/","og_locale":"de_DE","og_type":"article","og_title":"Teenlifting des Beckens - Teenlifting","og_url":"https:\/\/mail.bell-stim.com\/de\/teenlifting-des-beckens\/","og_site_name":"Teenlifting","article_modified_time":"2017-03-29T17:51:44+00:00","twitter_card":"summary_large_image","twitter_misc":{"Gesch\u00e4tzte Lesezeit":"5\u00a0Minuten"},"schema":{"@context":"https:\/\/schema.org","@graph":[{"@type":"WebPage","@id":"https:\/\/mail.bell-stim.com\/de\/teenlifting-des-beckens\/","url":"https:\/\/mail.bell-stim.com\/de\/teenlifting-des-beckens\/","name":"Teenlifting des Beckens - Teenlifting","isPartOf":{"@id":"https:\/\/mail.bell-stim.com\/en\/#website"},"datePublished":"2017-03-27T14:26:02+00:00","dateModified":"2017-03-29T17:51:44+00:00","breadcrumb":{"@id":"https:\/\/mail.bell-stim.com\/de\/teenlifting-des-beckens\/#breadcrumb"},"inLanguage":"de","potentialAction":[{"@type":"ReadAction","target":["https:\/\/mail.bell-stim.com\/de\/teenlifting-des-beckens\/"]}]},{"@type":"BreadcrumbList","@id":"https:\/\/mail.bell-stim.com\/de\/teenlifting-des-beckens\/#breadcrumb","itemListElement":[{"@type":"ListItem","position":1,"name":"Po\u010detna stranica","item":"https:\/\/mail.bell-stim.com\/de\/"},{"@type":"ListItem","position":2,"name":"Teenlifting des Beckens"}]},{"@type":"WebSite","@id":"https:\/\/mail.bell-stim.com\/en\/#website","url":"https:\/\/mail.bell-stim.com\/en\/","name":"Teenlifting","description":"Aktiviraj, ne plastificiraj!","potentialAction":[{"@type":"SearchAction","target":{"@type":"EntryPoint","urlTemplate":"https:\/\/mail.bell-stim.com\/en\/?s={search_term_string}"},"query-input":{"@type":"PropertyValueSpecification","valueRequired":true,"valueName":"search_term_string"}}],"inLanguage":"de"}]}},"_links":{"self":[{"href":"https:\/\/www.teenlifting.co.za\/de\/wp-json\/wp\/v2\/pages\/1769","targetHints":{"allow":["GET"]}}],"collection":[{"href":"https:\/\/www.teenlifting.co.za\/de\/wp-json\/wp\/v2\/pages"}],"about":[{"href":"https:\/\/www.teenlifting.co.za\/de\/wp-json\/wp\/v2\/types\/page"}],"author":[{"embeddable":true,"href":"https:\/\/www.teenlifting.co.za\/de\/wp-json\/wp\/v2\/users\/3"}],"replies":[{"embeddable":true,"href":"https:\/\/www.teenlifting.co.za\/de\/wp-json\/wp\/v2\/comments?post=1769"}],"version-history":[{"count":7,"href":"https:\/\/www.teenlifting.co.za\/de\/wp-json\/wp\/v2\/pages\/1769\/revisions"}],"predecessor-version":[{"id":1858,"href":"https:\/\/www.teenlifting.co.za\/de\/wp-json\/wp\/v2\/pages\/1769\/revisions\/1858"}],"wp:attachment":[{"href":"https:\/\/www.teenlifting.co.za\/de\/wp-json\/wp\/v2\/media?parent=1769"}],"curies":[{"name":"wp","href":"https:\/\/api.w.org\/{rel}","templated":true}]}}