{"id":2132,"date":"2021-01-14T18:56:07","date_gmt":"2021-01-14T18:56:07","guid":{"rendered":"https:\/\/teenlifting.com.hr\/?page_id=2132"},"modified":"2021-01-21T08:25:02","modified_gmt":"2021-01-21T08:25:02","slug":"allgemeine-geschaeftsbedingungen","status":"publish","type":"page","link":"https:\/\/www.teenlifting.co.za\/de\/allgemeine-geschaeftsbedingungen\/","title":{"rendered":"Allgemeine Gesch\u00e4ftsbedingungen"},"content":{"rendered":"<h2>Allgemeine Gesch\u00e4ftsbedingungen<\/h2>\n<hr \/>\n<p>&nbsp;<\/p>\n<p>TEENLIFTING d.o.o. aus Zagreb, Ne\u010dujamska br.3., OIB: 80188343863, TEENLIFTING CENTER aus Zagreb, Ne\u010dujamska br.3 OIB: 14350602570 und TEENLIFTING-Franchisenehmer &#8211; Dritte, die einen Vertrag \u00fcber TEENLIFTING-Franchise unterzeichnet haben (im Folgenden: TEENLIFTING\u00ae) handelt bei der Erhebung und Verarbeitung personenbezogener Daten nach den Grunds\u00e4tzen der Rechtm\u00e4\u00dfigkeit, Fairness und Transparenz, Zweckbegrenzung, Reduzierung der Datenmenge, Genauigkeit, Beschr\u00e4nkungen der Speicherung und Integrit\u00e4t sowie der Vertraulichkeit und der personenbezogenen Daten der Befragten werden sorgf\u00e4ltig und in \u00dcbereinstimmung mit der Verordnung (EU) 2016\/679 des Europ\u00e4ischen Parlaments und des Rates vom 27. April 2016 \u00fcber den Schutz von Personen bei der Verarbeitung personenbezogener Daten und \u00fcber den freien Datenverkehr behandelt. Aufhebung der Richtlinie 95\/46 \/ EG (Allgemeine Datenschutzverordnung, im Folgenden: Verordnung) und der geltenden Vorschriften der Republik Kroatien zum Schutz personenbezogener Daten in Bezug auf die von ihr gesammelten und verarbeiteten Daten, um unseren Verpflichtungen in Bezug auf zu erf\u00fcllen Verarbeitungsmanager.<\/p>\n<p>&nbsp;<\/p>\n<p>Ich bin mit der Tatsache vertraut, dass durch Ausf\u00fcllen des Formulars &#8222;Kontakt&#8220; \/ alt &#8222;ANFRAGE&#8220; und\/oder &#8222;Werden Sie Teil der TEENLIFTING-Geschichte!&#8220; \/ alt &#8222;COOPERATION REQUEST&#8220; .Auf der TEENLIFTING\u00ae-Website erteile ich ausdr\u00fccklich und freiwillig meine Zustimmung, mit der ich best\u00e4tige, dass ich damit einverstanden bin, dass TEENLIFTING\u00ae alle meine pers\u00f6nlichen Daten sammelt, verarbeitet und verwendet, die im Formular &#8222;Kontakt&#8220; \/ alt &#8222;ANFRAGE&#8220; und\/oder &#8222;Werden Sie Teil der TEENLIFTING-Geschichte!&#8220; \/ alt &#8222;COOPERATION REQUEST&#8220;aufgef\u00fchrt sind.<\/p>\n<p>&nbsp;<\/p>\n<p>Ich best\u00e4tige, dass mir bekannt ist, dass TEENIFTING\u00ae die oben genannten personenbezogenen Daten zum Zwecke der Bereitstellung von Informationen \u00fcber die Bereitstellung von TEENLIFTING\u00ae-Elektrostimulationsdiensten f\u00fcr Gesichts- und K\u00f6rpermuskeln sowie anderer kosmetischer Dienste in diesem Bereich verwenden und verarbeiten wird.<\/p>\n<p>&nbsp;<\/p>\n<p>Mit der Unterzeichnung der Einwilligung &#8222;Ich m\u00f6chte TEENLIFTING\u00ae-Benachrichtigungen erhalten&#8220; erkl\u00e4re ich mich damit einverstanden, dass meine pers\u00f6nlichen Daten in dem Formular &#8222;Kontakt&#8220; \/ alt &#8222;ANFRAGE&#8220; und\/oder &#8222;Werden Sie Teil der TEENLIFTING-Geschichte!&#8220; \/ alt &#8222;COOPERATION REQUEST&#8220; aufgef\u00fchrt sind, das in der Datenbank zu Kontaktzwecken gespeichert ist, um m\u00f6gliche Benachrichtigungen \u00fcber g\u00fcnstige Preisperioden, die Er\u00f6ffnung von TEENLIFTING\u00ae-Franchise, zu erm\u00f6glichen Zentren in neuen St\u00e4dten sowie zum Zwecke der Marketingaktivit\u00e4ten.<\/p>\n<p>&nbsp;<\/p>\n<p>TEENLIFTING\u00ae verarbeitet und speichert die gesammelten Daten nur w\u00e4hrend des Zeitraums, in dem die oben genannten Zustimmungen nicht widerrufen wurden.<\/p>\n<p>&nbsp;<\/p>\n<p>Personenbezogene Daten aus dieser Einwilligung werden nicht an Dritte weitergegeben und werden vertraulich und gem\u00e4\u00df der Verordnung und den geltenden Vorschriften der Republik Kroatien zum Schutz personenbezogener Daten behandelt. TEENLIFTING\u00ae ergreift geeignete Ma\u00dfnahmen, um die Sicherheit personenbezogener Daten und die Einhaltung der geltenden Datenschutzbestimmungen zu gew\u00e4hrleisten. wie die Verordnung und das Gesetz zur Umsetzung der Allgemeinen Datenschutzverordnung. TEENLIFTING\u00ae sch\u00fctzt die personenbezogenen Daten vor diesen Zugest\u00e4ndnissen gewissenhaft vor Verlust, Zerst\u00f6rung, Missbrauch, unbefugtem Zugriff und unbefugter Offenlegung. Alle bei TEENLIFTING\u00ae besch\u00e4ftigten Personen sind verpflichtet, die Vertraulichkeit personenbezogener Daten aus diesen Konzessionen zu respektieren und die allgemeinen Handlungen und Entscheidungen von TEENLIFTING\u00ae einzuhalten, die Datenschutzfragen regeln. Au\u00dferdem verwendet TEENLIFTING\u00ae moderne technische, IT- und organisatorische Ma\u00dfnahmen, um die Sicherheit personenbezogener Daten vor diesen Berechtigungen zu gew\u00e4hrleisten.<\/p>\n<p>&nbsp;<\/p>\n<p>TEENLIFING\u00ae verwendet keine automatisierte Datenverarbeitung.<\/p>\n<p>&nbsp;<\/p>\n<p>Ich best\u00e4tige au\u00dferdem ausdr\u00fccklich, dass ich bei der Angabe der oben genannten personenbezogenen Daten \u00fcber Folgendes informiert wurde und die bereitgestellten Informationen verstanden habe:<\/p>\n<p>&nbsp;<\/p>\n<p>(a)\u00a0 \u00a0Verarbeitungsmanager sind TEENLIFTING doo aus Zagreb, Ne\u010dujamska br.3., OIB: 80188343863 und TEENLIFTING CENTER aus Zagreb, Ne\u010dujamska br.3 OIB: 14350602570 und Kontaktdaten des Verarbeitungsmanagers sind: info@teenlifting.eu, TEENLIF ZENTRUM, Ne\u010dujamska br.3, 10000 Zagreb.<\/p>\n<p>&nbsp;<\/p>\n<p>(b)\u00a0\u00a0 \u00a0Meine Rechte bez\u00fcglich des Schutzes meiner pers\u00f6nlichen Daten, f\u00fcr die ich diese Konzessionen erteile, sind:<\/p>\n<ul>\n<li>Ich kann TEENLIFTING\u00ae jederzeit auffordern, alle oder einen Teil meiner in dieser Einwilligung enthaltenen pers\u00f6nlichen Daten f\u00fcr alle oder einen Teil der Zwecke dieser Einwilligung dauerhaft oder vor\u00fcbergehend einzustellen. Eine solche Anfrage kann an die E-Mail-Adresse: privacy@teenlifting.eu oder schriftlich an die Adresse TEENLIFTING d.o.o, Ne\u010dujamska br.3, 10000 Zagreb mit der Angabe, welche Einwilligung widerrufen wird, gesendet werden. Nach Erhalt der Widerrufserkl\u00e4rung best\u00e4tigt TEENLIFTING\u00ae den Erhalt der Erkl\u00e4rung auf die gleiche Weise wie per E-Mail oder Post, und die in der Widerrufserkl\u00e4rung enthaltenen personenbezogenen Daten werden ab dem Datum des Widerrufs nicht mehr verarbeitet. Die bis zu diesem Datum vorgenommene Verarbeitung personenbezogener Daten bleibt rechtsg\u00fcltig.<\/li>\n<li>Ich habe das Recht, auf meine gem\u00e4\u00df dieser Einwilligung gesammelten personenbezogenen Daten zuzugreifen. Dies bedeutet, dass ich von TEENLIFTING\u00ae Informationen \u00fcber den Prozess der Erhebung und Verarbeitung personenbezogener Daten aus dieser Einwilligung erhalten und eine Best\u00e4tigung meiner personenbezogenen Daten sowie eine Kopie meiner Einwilligung erhalten kann personenbezogene Daten, wenn sie die Rechte anderer Befragter nicht beeintr\u00e4chtigen<\/li>\n<li>Ich habe das Recht, ungenaue personenbezogene Daten, die im Rahmen dieser Zustimmung gesammelt wurden, zu korrigieren und zu erg\u00e4nzen.<\/li>\n<li>Ich habe das Recht zu &#8222;vergessen&#8220;, dh personenbezogene Daten zu l\u00f6schen, die aufgrund dieser Zustimmung erhoben wurden.<\/li>\n<li>Ich habe das Recht, die Verarbeitung einzuschr\u00e4nken, dh, dass personenbezogene Daten nicht verwendet, sondern aufbewahrt werden, wenn die Richtigkeit personenbezogener Daten bestritten wird, wenn die Verarbeitung rechtswidrig ist oder w\u00e4hrend der L\u00f6sung des Beschwerdeverfahrens<\/li>\n<li>Ich habe das Recht auf Portabilit\u00e4t von Daten, die auf der Grundlage dieser Einwilligung erteilt wurden. Dies bedeutet das Recht, personenbezogene Daten von TEENLIFTING\u00ae zu erhalten, um diese an einen anderen Verantwortlichen weiterzugeben<\/li>\n<li>ch habe das Recht, der Datenverarbeitung zu widersprechen<\/li>\n<li>Ich habe das Recht, eine Beschwerde bei der Datenschutzbeh\u00f6rde einzureichen, falls TEENLIFTING\u00ae bei der Verarbeitung personenbezogener Daten, die auf der Grundlage dieser Einwilligung erhoben werden, gegen die Verordnung verst\u00f6\u00dft.<\/li>\n<\/ul>\n<p>&nbsp;<\/p>\n<p>&nbsp;<\/p>\n<p>Schlie\u00dflich ist mir bekannt, dass ich alle meine Anfragen bez\u00fcglich dieser Rechte schriftlich an die Adresse TEENLIFTING d.o.o, Ne\u010dujamska br.3, 10000 Zagreb oder per E-Mail an privacy@teenlifting.eu senden kann.<\/p>\n<p>&nbsp;<\/p>\n<p>Ich wurde dar\u00fcber informiert, dass TEENLIFTING\u00ae bei der Aus\u00fcbung von Rechten personenbezogene Daten von mir anfordern kann, um eine zuverl\u00e4ssige Identifizierung zu erm\u00f6glichen, und dass die Anfrage nur abgelehnt werden kann, wenn nachgewiesen wird, dass meine Identit\u00e4t nicht zuverl\u00e4ssig festgestellt werden kann.<\/p>\n<p>&nbsp;<\/p>\n<p>Mir ist bekannt, dass TEENLIFTING\u00ae auf meine Anfrage zur Aus\u00fcbung von Rechten im Zusammenhang mit den oben genannten personenbezogenen Daten unverz\u00fcglich und auf jeden Fall innerhalb eines Monats nach Eingang der Anfrage antworten muss.<\/p>\n","protected":false},"excerpt":{"rendered":"<p>Allgemeine Gesch\u00e4ftsbedingungen &nbsp; TEENLIFTING d.o.o. aus Zagreb, Ne\u010dujamska br.3., OIB: 80188343863, TEENLIFTING CENTER aus Zagreb, Ne\u010dujamska br.3 OIB: 14350602570 und [&hellip;]<\/p>\n","protected":false},"author":3,"featured_media":0,"parent":0,"menu_order":0,"comment_status":"closed","ping_status":"closed","template":"","meta":{"om_disable_all_campaigns":false,"_monsterinsights_skip_tracking":false,"_monsterinsights_sitenote_active":false,"_monsterinsights_sitenote_note":"","_monsterinsights_sitenote_category":0,"_uf_show_specific_survey":0,"_uf_disable_surveys":false,"footnotes":""},"class_list":["post-2132","page","type-page","status-publish","hentry"],"aioseo_notices":[],"yoast_head":"<!-- This site is optimized with the Yoast SEO plugin v27.4 - https:\/\/yoast.com\/product\/yoast-seo-wordpress\/ -->\n<title>Allgemeine Gesch\u00e4ftsbedingungen - Teenlifting<\/title>\n<meta name=\"robots\" content=\"index, follow, max-snippet:-1, max-image-preview:large, max-video-preview:-1\" \/>\n<link rel=\"canonical\" href=\"https:\/\/mail.bell-stim.com\/de\/allgemeine-geschaeftsbedingungen\/\" \/>\n<meta property=\"og:locale\" content=\"de_DE\" \/>\n<meta property=\"og:type\" content=\"article\" \/>\n<meta property=\"og:title\" content=\"Allgemeine Gesch\u00e4ftsbedingungen - Teenlifting\" \/>\n<meta property=\"og:description\" content=\"Allgemeine Gesch\u00e4ftsbedingungen &nbsp; TEENLIFTING d.o.o. aus Zagreb, Ne\u010dujamska br.3., OIB: 80188343863, TEENLIFTING CENTER aus Zagreb, Ne\u010dujamska br.3 OIB: 14350602570 und [&hellip;]\" \/>\n<meta property=\"og:url\" content=\"https:\/\/mail.bell-stim.com\/de\/allgemeine-geschaeftsbedingungen\/\" \/>\n<meta property=\"og:site_name\" content=\"Teenlifting\" \/>\n<meta property=\"article:modified_time\" content=\"2021-01-21T08:25:02+00:00\" \/>\n<meta name=\"twitter:card\" content=\"summary_large_image\" \/>\n<meta name=\"twitter:label1\" content=\"Gesch\u00e4tzte Lesezeit\" \/>\n\t<meta name=\"twitter:data1\" content=\"5\u00a0Minuten\" \/>\n<script type=\"application\/ld+json\" class=\"yoast-schema-graph\">{\"@context\":\"https:\\\/\\\/schema.org\",\"@graph\":[{\"@type\":\"WebPage\",\"@id\":\"https:\\\/\\\/mail.bell-stim.com\\\/de\\\/allgemeine-geschaeftsbedingungen\\\/\",\"url\":\"https:\\\/\\\/mail.bell-stim.com\\\/de\\\/allgemeine-geschaeftsbedingungen\\\/\",\"name\":\"Allgemeine Gesch\u00e4ftsbedingungen - Teenlifting\",\"isPartOf\":{\"@id\":\"https:\\\/\\\/mail.bell-stim.com\\\/en\\\/#website\"},\"datePublished\":\"2021-01-14T18:56:07+00:00\",\"dateModified\":\"2021-01-21T08:25:02+00:00\",\"breadcrumb\":{\"@id\":\"https:\\\/\\\/mail.bell-stim.com\\\/de\\\/allgemeine-geschaeftsbedingungen\\\/#breadcrumb\"},\"inLanguage\":\"de\",\"potentialAction\":[{\"@type\":\"ReadAction\",\"target\":[\"https:\\\/\\\/mail.bell-stim.com\\\/de\\\/allgemeine-geschaeftsbedingungen\\\/\"]}]},{\"@type\":\"BreadcrumbList\",\"@id\":\"https:\\\/\\\/mail.bell-stim.com\\\/de\\\/allgemeine-geschaeftsbedingungen\\\/#breadcrumb\",\"itemListElement\":[{\"@type\":\"ListItem\",\"position\":1,\"name\":\"Po\u010detna stranica\",\"item\":\"https:\\\/\\\/mail.bell-stim.com\\\/de\\\/\"},{\"@type\":\"ListItem\",\"position\":2,\"name\":\"Allgemeine Gesch\u00e4ftsbedingungen\"}]},{\"@type\":\"WebSite\",\"@id\":\"https:\\\/\\\/mail.bell-stim.com\\\/en\\\/#website\",\"url\":\"https:\\\/\\\/mail.bell-stim.com\\\/en\\\/\",\"name\":\"Teenlifting\",\"description\":\"Aktiviraj, ne plastificiraj!\",\"potentialAction\":[{\"@type\":\"SearchAction\",\"target\":{\"@type\":\"EntryPoint\",\"urlTemplate\":\"https:\\\/\\\/mail.bell-stim.com\\\/en\\\/?s={search_term_string}\"},\"query-input\":{\"@type\":\"PropertyValueSpecification\",\"valueRequired\":true,\"valueName\":\"search_term_string\"}}],\"inLanguage\":\"de\"}]}<\/script>\n<!-- \/ Yoast SEO plugin. -->","yoast_head_json":{"title":"Allgemeine Gesch\u00e4ftsbedingungen - Teenlifting","robots":{"index":"index","follow":"follow","max-snippet":"max-snippet:-1","max-image-preview":"max-image-preview:large","max-video-preview":"max-video-preview:-1"},"canonical":"https:\/\/mail.bell-stim.com\/de\/allgemeine-geschaeftsbedingungen\/","og_locale":"de_DE","og_type":"article","og_title":"Allgemeine Gesch\u00e4ftsbedingungen - Teenlifting","og_description":"Allgemeine Gesch\u00e4ftsbedingungen &nbsp; TEENLIFTING d.o.o. aus Zagreb, Ne\u010dujamska br.3., OIB: 80188343863, TEENLIFTING CENTER aus Zagreb, Ne\u010dujamska br.3 OIB: 14350602570 und [&hellip;]","og_url":"https:\/\/mail.bell-stim.com\/de\/allgemeine-geschaeftsbedingungen\/","og_site_name":"Teenlifting","article_modified_time":"2021-01-21T08:25:02+00:00","twitter_card":"summary_large_image","twitter_misc":{"Gesch\u00e4tzte Lesezeit":"5\u00a0Minuten"},"schema":{"@context":"https:\/\/schema.org","@graph":[{"@type":"WebPage","@id":"https:\/\/mail.bell-stim.com\/de\/allgemeine-geschaeftsbedingungen\/","url":"https:\/\/mail.bell-stim.com\/de\/allgemeine-geschaeftsbedingungen\/","name":"Allgemeine Gesch\u00e4ftsbedingungen - Teenlifting","isPartOf":{"@id":"https:\/\/mail.bell-stim.com\/en\/#website"},"datePublished":"2021-01-14T18:56:07+00:00","dateModified":"2021-01-21T08:25:02+00:00","breadcrumb":{"@id":"https:\/\/mail.bell-stim.com\/de\/allgemeine-geschaeftsbedingungen\/#breadcrumb"},"inLanguage":"de","potentialAction":[{"@type":"ReadAction","target":["https:\/\/mail.bell-stim.com\/de\/allgemeine-geschaeftsbedingungen\/"]}]},{"@type":"BreadcrumbList","@id":"https:\/\/mail.bell-stim.com\/de\/allgemeine-geschaeftsbedingungen\/#breadcrumb","itemListElement":[{"@type":"ListItem","position":1,"name":"Po\u010detna stranica","item":"https:\/\/mail.bell-stim.com\/de\/"},{"@type":"ListItem","position":2,"name":"Allgemeine Gesch\u00e4ftsbedingungen"}]},{"@type":"WebSite","@id":"https:\/\/mail.bell-stim.com\/en\/#website","url":"https:\/\/mail.bell-stim.com\/en\/","name":"Teenlifting","description":"Aktiviraj, ne plastificiraj!","potentialAction":[{"@type":"SearchAction","target":{"@type":"EntryPoint","urlTemplate":"https:\/\/mail.bell-stim.com\/en\/?s={search_term_string}"},"query-input":{"@type":"PropertyValueSpecification","valueRequired":true,"valueName":"search_term_string"}}],"inLanguage":"de"}]}},"_links":{"self":[{"href":"https:\/\/www.teenlifting.co.za\/de\/wp-json\/wp\/v2\/pages\/2132","targetHints":{"allow":["GET"]}}],"collection":[{"href":"https:\/\/www.teenlifting.co.za\/de\/wp-json\/wp\/v2\/pages"}],"about":[{"href":"https:\/\/www.teenlifting.co.za\/de\/wp-json\/wp\/v2\/types\/page"}],"author":[{"embeddable":true,"href":"https:\/\/www.teenlifting.co.za\/de\/wp-json\/wp\/v2\/users\/3"}],"replies":[{"embeddable":true,"href":"https:\/\/www.teenlifting.co.za\/de\/wp-json\/wp\/v2\/comments?post=2132"}],"version-history":[{"count":5,"href":"https:\/\/www.teenlifting.co.za\/de\/wp-json\/wp\/v2\/pages\/2132\/revisions"}],"predecessor-version":[{"id":2155,"href":"https:\/\/www.teenlifting.co.za\/de\/wp-json\/wp\/v2\/pages\/2132\/revisions\/2155"}],"wp:attachment":[{"href":"https:\/\/www.teenlifting.co.za\/de\/wp-json\/wp\/v2\/media?parent=2132"}],"curies":[{"name":"wp","href":"https:\/\/api.w.org\/{rel}","templated":true}]}}